{"id":908,"date":"2025-04-23T08:36:14","date_gmt":"2025-04-23T08:36:14","guid":{"rendered":"https:\/\/perruqueriachic.cat\/about\/"},"modified":"2025-04-29T06:28:33","modified_gmt":"2025-04-29T06:28:33","slug":"nosaltres","status":"publish","type":"page","link":"https:\/\/perruqueriachic.cat\/es\/nosaltres\/","title":{"rendered":"Nosotros"},"content":{"rendered":"<div class=\"wp-block-uagb-container uagb-block-93bb43df alignfull uagb-is-root-container\"><div class=\"uagb-container-inner-blocks-wrap\">\n<div class=\"wp-block-uagb-advanced-heading uagb-block-60b4616a\"><h1 class=\"uagb-heading-text\">Nosotros<\/h1><\/div>\n<\/div><\/div>\n\n\n\n<div class=\"wp-block-uagb-container uagb-block-43110f3c alignfull uagb-is-root-container\"><div class=\"uagb-container-inner-blocks-wrap\">\n<div class=\"wp-block-group is-vertical is-layout-flex wp-container-core-group-is-layout-fe9cc265 wp-block-group-is-layout-flex\">\n<div class=\"wp-block-uagb-advanced-heading uagb-block-b112e111\"><h2 class=\"uagb-heading-text\">Profesionales y expertos en transportes<\/h2><\/div>\n\n\n\n<div class=\"wp-block-uagb-advanced-heading uagb-block-76216536\"><p class=\"uagb-heading-text\">Nuestra empresa se especializa en el transporte nacional e internacional de mercanc\u00edas por carretera. Con a\u00f1os de experiencia en el sector log\u00edstico, ofrecemos un servicio integral adaptado a las necesidades de cada cliente, desde cargas completas hasta grupajes. Disponemos de una moderna flota de camiones equipada con tecnolog\u00eda GPS, lo que nos permite garantizar un seguimiento en tiempo real y una gesti\u00f3n eficiente de las rutas.<\/p><p class=\"uagb-desc-text\">Nuestro equipo est\u00e1 formado por conductores profesionales y personal de log\u00edstica altamente capacitado, comprometido con la seguridad, la puntualidad y la satisfacci\u00f3n del cliente. Trabajamos con diversos sectores, incluyendo alimentaci\u00f3n, industria, construcci\u00f3n y comercio, asegurando el cumplimiento de los est\u00e1ndares de calidad y normativa vigente.<\/p><\/div>\n<\/div>\n<\/div><\/div>","protected":false},"excerpt":{"rendered":"<p>Nosaltres Professionals i experts en transports La nostra empresa est\u00e0 especialitzada en el transport nacional i internacional de mercaderies per carretera. Amb anys d\u2019experi\u00e8ncia en el sector log\u00edstic, oferim un servei integral adaptat a les necessitats de cada client, des de c\u00e0rregues completes fins a grupatges. Disposem d\u2019una moderna flota de camions equipada amb tecnologia [&hellip;]<\/p>","protected":false},"author":1,"featured_media":0,"parent":0,"menu_order":0,"comment_status":"closed","ping_status":"closed","template":"","meta":{"_uag_custom_page_level_css":"","site-sidebar-layout":"no-sidebar","site-content-layout":"plain-container","ast-site-content-layout":"normal-width-container","site-content-style":"unboxed","site-sidebar-style":"unboxed","ast-global-header-display":"","ast-banner-title-visibility":"","ast-main-header-display":"","ast-hfb-above-header-display":"","ast-hfb-below-header-display":"","ast-hfb-mobile-header-display":"","site-post-title":"disabled","ast-breadcrumbs-content":"","ast-featured-img":"disabled","footer-sml-layout":"","theme-transparent-header-meta":"enabled","adv-header-id-meta":"","stick-header-meta":"","header-above-stick-meta":"","header-main-stick-meta":"","header-below-stick-meta":"","astra-migrate-meta-layouts":"set","ast-page-background-enabled":"default","ast-page-background-meta":{"desktop":{"background-color":"","background-image":"","background-repeat":"repeat","background-position":"center center","background-size":"auto","background-attachment":"scroll","background-type":"","background-media":"","overlay-type":"","overlay-color":"","overlay-opacity":"","overlay-gradient":""},"tablet":{"background-color":"","background-image":"","background-repeat":"repeat","background-position":"center center","background-size":"auto","background-attachment":"scroll","background-type":"","background-media":"","overlay-type":"","overlay-color":"","overlay-opacity":"","overlay-gradient":""},"mobile":{"background-color":"","background-image":"","background-repeat":"repeat","background-position":"center center","background-size":"auto","background-attachment":"scroll","background-type":"","background-media":"","overlay-type":"","overlay-color":"","overlay-opacity":"","overlay-gradient":""}},"ast-content-background-meta":{"desktop":{"background-color":"var(--ast-global-color-5)","background-image":"","background-repeat":"repeat","background-position":"center center","background-size":"auto","background-attachment":"scroll","background-type":"","background-media":"","overlay-type":"","overlay-color":"","overlay-opacity":"","overlay-gradient":""},"tablet":{"background-color":"var(--ast-global-color-5)","background-image":"","background-repeat":"repeat","background-position":"center center","background-size":"auto","background-attachment":"scroll","background-type":"","background-media":"","overlay-type":"","overlay-color":"","overlay-opacity":"","overlay-gradient":""},"mobile":{"background-color":"var(--ast-global-color-5)","background-image":"","background-repeat":"repeat","background-position":"center center","background-size":"auto","background-attachment":"scroll","background-type":"","background-media":"","overlay-type":"","overlay-color":"","overlay-opacity":"","overlay-gradient":""}},"footnotes":""},"class_list":["post-908","page","type-page","status-publish","hentry"],"aioseo_notices":[],"uagb_featured_image_src":{"full":false,"thumbnail":false,"medium":false,"medium_large":false,"large":false,"1536x1536":false,"2048x2048":false,"trp-custom-language-flag":false},"uagb_author_info":{"display_name":"rpdigital0@gmail.com","author_link":"https:\/\/perruqueriachic.cat\/es\/author\/rpdigital0gmail-com\/"},"uagb_comment_info":0,"uagb_excerpt":"Nosaltres Professionals i experts en transports La nostra empresa est\u00e0 especialitzada en el transport nacional i internacional de mercaderies per carretera. Amb anys d\u2019experi\u00e8ncia en el sector log\u00edstic, oferim un servei integral adaptat a les necessitats de cada client, des de c\u00e0rregues completes fins a grupatges. Disposem d\u2019una moderna flota de camions equipada amb tecnologia&hellip;","_links":{"self":[{"href":"https:\/\/perruqueriachic.cat\/es\/wp-json\/wp\/v2\/pages\/908","targetHints":{"allow":["GET"]}}],"collection":[{"href":"https:\/\/perruqueriachic.cat\/es\/wp-json\/wp\/v2\/pages"}],"about":[{"href":"https:\/\/perruqueriachic.cat\/es\/wp-json\/wp\/v2\/types\/page"}],"author":[{"embeddable":true,"href":"https:\/\/perruqueriachic.cat\/es\/wp-json\/wp\/v2\/users\/1"}],"replies":[{"embeddable":true,"href":"https:\/\/perruqueriachic.cat\/es\/wp-json\/wp\/v2\/comments?post=908"}],"version-history":[{"count":9,"href":"https:\/\/perruqueriachic.cat\/es\/wp-json\/wp\/v2\/pages\/908\/revisions"}],"predecessor-version":[{"id":2475,"href":"https:\/\/perruqueriachic.cat\/es\/wp-json\/wp\/v2\/pages\/908\/revisions\/2475"}],"wp:attachment":[{"href":"https:\/\/perruqueriachic.cat\/es\/wp-json\/wp\/v2\/media?parent=908"}],"curies":[{"name":"wp","href":"https:\/\/api.w.org\/{rel}","templated":true}]}}